{"id":65,"date":"2024-03-12T08:49:41","date_gmt":"2024-03-12T12:49:41","guid":{"rendered":"http:\/\/localhost:8888\/hdmarketing\/oceania\/?page_id=65"},"modified":"2024-10-23T09:25:34","modified_gmt":"2024-10-23T13:25:34","slug":"home","status":"publish","type":"page","link":"https:\/\/hoteloceaniabeloeil.com\/en\/","title":{"rendered":"Home"},"content":{"rendered":"","protected":false},"excerpt":{"rendered":"","protected":false},"author":1,"featured_media":63,"parent":0,"menu_order":0,"comment_status":"closed","ping_status":"closed","template":"","meta":{"_acf_changed":false,"inline_featured_image":false,"footnotes":""},"class_list":["post-65","page","type-page","status-publish","has-post-thumbnail","hentry"],"acf":[],"yoast_head":"<!-- This site is optimized with the Yoast SEO plugin v25.3.1 - https:\/\/yoast.com\/wordpress\/plugins\/seo\/ -->\n<title>Home - H\u00f4tel Oc\u00e9ania Beloeil<\/title>\n<meta name=\"description\" content=\"H\u00f4tel Oc\u00e9ania Beloeil, your choice for a hassle-free family getaway or a business stay on Montreal&#039;s South Shore.\" \/>\n<meta name=\"robots\" content=\"index, follow, max-snippet:-1, max-image-preview:large, max-video-preview:-1\" \/>\n<link rel=\"canonical\" href=\"https:\/\/hoteloceaniabeloeil.com\/en\/\" \/>\n<meta property=\"og:locale\" content=\"en_US\" \/>\n<meta property=\"og:type\" content=\"article\" \/>\n<meta property=\"og:title\" content=\"Home - H\u00f4tel Oc\u00e9ania Beloeil\" \/>\n<meta property=\"og:description\" content=\"H\u00f4tel Oc\u00e9ania Beloeil, your choice for a hassle-free family getaway or a business stay on Montreal&#039;s South Shore.\" \/>\n<meta property=\"og:url\" content=\"https:\/\/hoteloceaniabeloeil.com\/en\/\" \/>\n<meta property=\"og:site_name\" content=\"H\u00f4tel Oc\u00e9ania Beloeil\" \/>\n<meta property=\"article:modified_time\" content=\"2024-10-23T13:25:34+00:00\" \/>\n<meta property=\"og:image\" content=\"https:\/\/hoteloceaniabeloeil.com\/wp-content\/uploads\/2024\/03\/hero.jpg\" \/>\n\t<meta property=\"og:image:width\" content=\"1440\" \/>\n\t<meta property=\"og:image:height\" content=\"700\" \/>\n\t<meta property=\"og:image:type\" content=\"image\/jpeg\" \/>\n<meta name=\"twitter:card\" content=\"summary_large_image\" \/>\n<meta name=\"twitter:label1\" content=\"Est. reading time\" \/>\n\t<meta name=\"twitter:data1\" content=\"1 minute\" \/>\n<script type=\"application\/ld+json\" class=\"yoast-schema-graph\">{\"@context\":\"https:\/\/schema.org\",\"@graph\":[{\"@type\":\"WebPage\",\"@id\":\"https:\/\/hoteloceaniabeloeil.com\/en\/\",\"url\":\"https:\/\/hoteloceaniabeloeil.com\/en\/\",\"name\":\"Home - H\u00f4tel Oc\u00e9ania Beloeil\",\"isPartOf\":{\"@id\":\"https:\/\/hoteloceaniabeloeil.com\/#website\"},\"primaryImageOfPage\":{\"@id\":\"https:\/\/hoteloceaniabeloeil.com\/en\/#primaryimage\"},\"image\":{\"@id\":\"https:\/\/hoteloceaniabeloeil.com\/en\/#primaryimage\"},\"thumbnailUrl\":\"https:\/\/hoteloceaniabeloeil.com\/wp-content\/uploads\/2024\/03\/hero.jpg\",\"datePublished\":\"2024-03-12T12:49:41+00:00\",\"dateModified\":\"2024-10-23T13:25:34+00:00\",\"description\":\"H\u00f4tel Oc\u00e9ania Beloeil, your choice for a hassle-free family getaway or a business stay on Montreal's South Shore.\",\"breadcrumb\":{\"@id\":\"https:\/\/hoteloceaniabeloeil.com\/en\/#breadcrumb\"},\"inLanguage\":\"en-US\",\"potentialAction\":[{\"@type\":\"ReadAction\",\"target\":[\"https:\/\/hoteloceaniabeloeil.com\/en\/\"]}]},{\"@type\":\"ImageObject\",\"inLanguage\":\"en-US\",\"@id\":\"https:\/\/hoteloceaniabeloeil.com\/en\/#primaryimage\",\"url\":\"https:\/\/hoteloceaniabeloeil.com\/wp-content\/uploads\/2024\/03\/hero.jpg\",\"contentUrl\":\"https:\/\/hoteloceaniabeloeil.com\/wp-content\/uploads\/2024\/03\/hero.jpg\",\"width\":1440,\"height\":700},{\"@type\":\"BreadcrumbList\",\"@id\":\"https:\/\/hoteloceaniabeloeil.com\/en\/#breadcrumb\",\"itemListElement\":[{\"@type\":\"ListItem\",\"position\":1,\"name\":\"Accueil\",\"item\":\"https:\/\/hoteloceaniabeloeil.com\/en\/\"},{\"@type\":\"ListItem\",\"position\":2,\"name\":\"Home\"}]},{\"@type\":\"WebSite\",\"@id\":\"https:\/\/hoteloceaniabeloeil.com\/#website\",\"url\":\"https:\/\/hoteloceaniabeloeil.com\/\",\"name\":\"H\u00f4tel Oc\u00e9ania Beloeil\",\"description\":\"\",\"potentialAction\":[{\"@type\":\"SearchAction\",\"target\":{\"@type\":\"EntryPoint\",\"urlTemplate\":\"https:\/\/hoteloceaniabeloeil.com\/?s={search_term_string}\"},\"query-input\":{\"@type\":\"PropertyValueSpecification\",\"valueRequired\":true,\"valueName\":\"search_term_string\"}}],\"inLanguage\":\"en-US\"}]}<\/script>\n<!-- \/ Yoast SEO plugin. -->","yoast_head_json":{"title":"Home - H\u00f4tel Oc\u00e9ania Beloeil","description":"H\u00f4tel Oc\u00e9ania Beloeil, your choice for a hassle-free family getaway or a business stay on Montreal's South Shore.","robots":{"index":"index","follow":"follow","max-snippet":"max-snippet:-1","max-image-preview":"max-image-preview:large","max-video-preview":"max-video-preview:-1"},"canonical":"https:\/\/hoteloceaniabeloeil.com\/en\/","og_locale":"en_US","og_type":"article","og_title":"Home - H\u00f4tel Oc\u00e9ania Beloeil","og_description":"H\u00f4tel Oc\u00e9ania Beloeil, your choice for a hassle-free family getaway or a business stay on Montreal's South Shore.","og_url":"https:\/\/hoteloceaniabeloeil.com\/en\/","og_site_name":"H\u00f4tel Oc\u00e9ania Beloeil","article_modified_time":"2024-10-23T13:25:34+00:00","og_image":[{"width":1440,"height":700,"url":"https:\/\/hoteloceaniabeloeil.com\/wp-content\/uploads\/2024\/03\/hero.jpg","type":"image\/jpeg"}],"twitter_card":"summary_large_image","twitter_misc":{"Est. reading time":"1 minute"},"schema":{"@context":"https:\/\/schema.org","@graph":[{"@type":"WebPage","@id":"https:\/\/hoteloceaniabeloeil.com\/en\/","url":"https:\/\/hoteloceaniabeloeil.com\/en\/","name":"Home - H\u00f4tel Oc\u00e9ania Beloeil","isPartOf":{"@id":"https:\/\/hoteloceaniabeloeil.com\/#website"},"primaryImageOfPage":{"@id":"https:\/\/hoteloceaniabeloeil.com\/en\/#primaryimage"},"image":{"@id":"https:\/\/hoteloceaniabeloeil.com\/en\/#primaryimage"},"thumbnailUrl":"https:\/\/hoteloceaniabeloeil.com\/wp-content\/uploads\/2024\/03\/hero.jpg","datePublished":"2024-03-12T12:49:41+00:00","dateModified":"2024-10-23T13:25:34+00:00","description":"H\u00f4tel Oc\u00e9ania Beloeil, your choice for a hassle-free family getaway or a business stay on Montreal's South Shore.","breadcrumb":{"@id":"https:\/\/hoteloceaniabeloeil.com\/en\/#breadcrumb"},"inLanguage":"en-US","potentialAction":[{"@type":"ReadAction","target":["https:\/\/hoteloceaniabeloeil.com\/en\/"]}]},{"@type":"ImageObject","inLanguage":"en-US","@id":"https:\/\/hoteloceaniabeloeil.com\/en\/#primaryimage","url":"https:\/\/hoteloceaniabeloeil.com\/wp-content\/uploads\/2024\/03\/hero.jpg","contentUrl":"https:\/\/hoteloceaniabeloeil.com\/wp-content\/uploads\/2024\/03\/hero.jpg","width":1440,"height":700},{"@type":"BreadcrumbList","@id":"https:\/\/hoteloceaniabeloeil.com\/en\/#breadcrumb","itemListElement":[{"@type":"ListItem","position":1,"name":"Accueil","item":"https:\/\/hoteloceaniabeloeil.com\/en\/"},{"@type":"ListItem","position":2,"name":"Home"}]},{"@type":"WebSite","@id":"https:\/\/hoteloceaniabeloeil.com\/#website","url":"https:\/\/hoteloceaniabeloeil.com\/","name":"H\u00f4tel Oc\u00e9ania Beloeil","description":"","potentialAction":[{"@type":"SearchAction","target":{"@type":"EntryPoint","urlTemplate":"https:\/\/hoteloceaniabeloeil.com\/?s={search_term_string}"},"query-input":{"@type":"PropertyValueSpecification","valueRequired":true,"valueName":"search_term_string"}}],"inLanguage":"en-US"}]}},"_links":{"self":[{"href":"https:\/\/hoteloceaniabeloeil.com\/en\/wp-json\/wp\/v2\/pages\/65","targetHints":{"allow":["GET"]}}],"collection":[{"href":"https:\/\/hoteloceaniabeloeil.com\/en\/wp-json\/wp\/v2\/pages"}],"about":[{"href":"https:\/\/hoteloceaniabeloeil.com\/en\/wp-json\/wp\/v2\/types\/page"}],"author":[{"embeddable":true,"href":"https:\/\/hoteloceaniabeloeil.com\/en\/wp-json\/wp\/v2\/users\/1"}],"replies":[{"embeddable":true,"href":"https:\/\/hoteloceaniabeloeil.com\/en\/wp-json\/wp\/v2\/comments?post=65"}],"version-history":[{"count":6,"href":"https:\/\/hoteloceaniabeloeil.com\/en\/wp-json\/wp\/v2\/pages\/65\/revisions"}],"predecessor-version":[{"id":98,"href":"https:\/\/hoteloceaniabeloeil.com\/en\/wp-json\/wp\/v2\/pages\/65\/revisions\/98"}],"wp:featuredmedia":[{"embeddable":true,"href":"https:\/\/hoteloceaniabeloeil.com\/en\/wp-json\/wp\/v2\/media\/63"}],"wp:attachment":[{"href":"https:\/\/hoteloceaniabeloeil.com\/en\/wp-json\/wp\/v2\/media?parent=65"}],"curies":[{"name":"wp","href":"https:\/\/api.w.org\/{rel}","templated":true}]}}